{"id":1912,"date":"2023-11-15T18:56:59","date_gmt":"2023-11-15T10:56:59","guid":{"rendered":"http:\/\/47.245.127.96:3008\/?post_type=product&#038;p=1912"},"modified":"2023-12-29T09:32:59","modified_gmt":"2023-12-29T01:32:59","slug":"home-lift","status":"publish","type":"product","link":"https:\/\/iddelevator.com\/es_mx\/producto\/ascensor-de-casa-2\/","title":{"rendered":"Ascensor para el hogar"},"content":{"rendered":"<ul>\n<li>Dise\u00f1o que ahorra espacio: Home Lift presenta un dise\u00f1o que ahorra espacio, lo que lo hace adecuado para propiedades residenciales con espacio limitado. Se puede instalar en \u00e1reas peque\u00f1as como escaleras o huecos existentes, lo que permite a los propietarios maximizar el uso del espacio disponible.<\/li>\n<li>Funcionamiento suave y silencioso: El Home Lift est\u00e1 dise\u00f1ado para funcionar de manera suave y silenciosa. Incorpora tecnolog\u00edas de reducci\u00f3n de ruido y mecanismos de amortiguaci\u00f3n de vibraciones, lo que garantiza una experiencia de viaje tranquila y c\u00f3moda para los propietarios y sus invitados.<\/li>\n<li>Opciones personalizables: Home Lift ofrece opciones personalizables para adaptarse a las necesidades y preferencias individuales. Los propietarios pueden elegir entre una variedad de acabados, colores y materiales que combinen con la decoraci\u00f3n de su hogar. Adem\u00e1s, pueden seleccionar caracter\u00edsticas como iluminaci\u00f3n, sistemas de control y mejoras de seguridad en funci\u00f3n de sus requisitos espec\u00edficos.<\/li>\n<li>Accesibilidad y conveniencia: Home Lift brinda accesibilidad y conveniencia para los propietarios, especialmente aquellos con problemas de movilidad o discapacidades. Permite un desplazamiento f\u00e1cil y seguro entre las distintas plantas de la vivienda, eliminando la necesidad de escaleras y reduciendo el riesgo de accidentes o lesiones.<\/li>\n<li>Controles f\u00e1ciles de usar: Home Lift est\u00e1 equipado con controles f\u00e1ciles de usar, lo que facilita su operaci\u00f3n para propietarios de todas las edades. Por lo general, incluye botones intuitivos o interfaces de pantalla t\u00e1ctil que permiten un control suave y sin esfuerzo del ascensor.<\/li>\n<\/ul>","protected":false},"excerpt":{"rendered":"<p>Space-Saving Design: The Home Lift features a space-saving design, making it suitable for residential properties with limited space. It can be installed in small areas such as staircases or existing &hellip;<\/p>\n<p class=\"read-more\"> <a class=\"\" href=\"https:\/\/iddelevator.com\/es_mx\/producto\/ascensor-de-casa-2\/\"> <span class=\"screen-reader-text\">Ascensor para el hogar<\/span> Leer m\u00e1s &quot;<\/a><\/p>","protected":false},"featured_media":2157,"comment_status":"open","ping_status":"closed","template":"","meta":{"site-sidebar-layout":"default","site-content-layout":"","ast-site-content-layout":"default","site-content-style":"default","site-sidebar-style":"default","ast-global-header-display":"","ast-banner-title-visibility":"","ast-main-header-display":"","ast-hfb-above-header-display":"","ast-hfb-below-header-display":"","ast-hfb-mobile-header-display":"","site-post-title":"","ast-breadcrumbs-content":"","ast-featured-img":"","footer-sml-layout":"","theme-transparent-header-meta":"default","adv-header-id-meta":"","stick-header-meta":"default","header-above-stick-meta":"","header-main-stick-meta":"","header-below-stick-meta":"","astra-migrate-meta-layouts":"set","ast-page-background-enabled":"default","ast-page-background-meta":{"desktop":{"background-color":"","background-image":"","background-repeat":"repeat","background-position":"center center","background-size":"auto","background-attachment":"scroll","background-type":"","background-media":"","overlay-type":"","overlay-color":"","overlay-gradient":""},"tablet":{"background-color":"","background-image":"","background-repeat":"repeat","background-position":"center center","background-size":"auto","background-attachment":"scroll","background-type":"","background-media":"","overlay-type":"","overlay-color":"","overlay-gradient":""},"mobile":{"background-color":"","background-image":"","background-repeat":"repeat","background-position":"center center","background-size":"auto","background-attachment":"scroll","background-type":"","background-media":"","overlay-type":"","overlay-color":"","overlay-gradient":""}},"ast-content-background-meta":{"desktop":{"background-color":"var(--ast-global-color-5)","background-image":"","background-repeat":"repeat","background-position":"center center","background-size":"auto","background-attachment":"scroll","background-type":"","background-media":"","overlay-type":"","overlay-color":"","overlay-gradient":""},"tablet":{"background-color":"var(--ast-global-color-5)","background-image":"","background-repeat":"repeat","background-position":"center center","background-size":"auto","background-attachment":"scroll","background-type":"","background-media":"","overlay-type":"","overlay-color":"","overlay-gradient":""},"mobile":{"background-color":"var(--ast-global-color-5)","background-image":"","background-repeat":"repeat","background-position":"center center","background-size":"auto","background-attachment":"scroll","background-type":"","background-media":"","overlay-type":"","overlay-color":"","overlay-gradient":""}}},"product_cat":[51],"product_tag":[],"class_list":["post-1912","product","type-product","status-publish","has-post-thumbnail","hentry","product_cat-complete-elevator","desktop-align-center","tablet-align-left","mobile-align-left","ast-product-gallery-layout-horizontal-slider","ast-product-tabs-layout-horizontal","ast-qv-on-image"],"_links":{"self":[{"href":"https:\/\/iddelevator.com\/es_mx\/wp-json\/wp\/v2\/product\/1912","targetHints":{"allow":["GET"]}}],"collection":[{"href":"https:\/\/iddelevator.com\/es_mx\/wp-json\/wp\/v2\/product"}],"about":[{"href":"https:\/\/iddelevator.com\/es_mx\/wp-json\/wp\/v2\/types\/product"}],"replies":[{"embeddable":true,"href":"https:\/\/iddelevator.com\/es_mx\/wp-json\/wp\/v2\/comments?post=1912"}],"version-history":[{"count":2,"href":"https:\/\/iddelevator.com\/es_mx\/wp-json\/wp\/v2\/product\/1912\/revisions"}],"predecessor-version":[{"id":2237,"href":"https:\/\/iddelevator.com\/es_mx\/wp-json\/wp\/v2\/product\/1912\/revisions\/2237"}],"wp:featuredmedia":[{"embeddable":true,"href":"https:\/\/iddelevator.com\/es_mx\/wp-json\/wp\/v2\/media\/2157"}],"wp:attachment":[{"href":"https:\/\/iddelevator.com\/es_mx\/wp-json\/wp\/v2\/media?parent=1912"}],"wp:term":[{"taxonomy":"product_cat","embeddable":true,"href":"https:\/\/iddelevator.com\/es_mx\/wp-json\/wp\/v2\/product_cat?post=1912"},{"taxonomy":"product_tag","embeddable":true,"href":"https:\/\/iddelevator.com\/es_mx\/wp-json\/wp\/v2\/product_tag?post=1912"}],"curies":[{"name":"wp","href":"https:\/\/api.w.org\/{rel}","templated":true}]}}