{"id":1908,"date":"2023-11-16T12:54:07","date_gmt":"2023-11-16T04:54:07","guid":{"rendered":"http:\/\/47.245.127.96:3008\/?post_type=product&#038;p=1908"},"modified":"2024-05-14T09:21:53","modified_gmt":"2024-05-14T01:21:53","slug":"traction-machine","status":"publish","type":"product","link":"https:\/\/iddelevator.com\/es_mx\/producto\/maquina-de-traccion\/","title":{"rendered":"M\u00e1quina de tracci\u00f3n"},"content":{"rendered":"<p>Podemos proporcionar varios tipos de m\u00e1quinas de tracci\u00f3n para todas sus necesidades. Como m\u00e1quinas de tracci\u00f3n para ascensores dom\u00e9sticos, ascensores de pasajeros y ascensores de carga.<\/p>\n<ol>\n<li>Rendimiento eficiente: la m\u00e1quina de tracci\u00f3n est\u00e1 dise\u00f1ada para ofrecer un rendimiento eficiente en sistemas de ascensores. Utiliza tecnolog\u00eda basada en tracci\u00f3n para mover la cabina del ascensor de manera suave y confiable, lo que garantiza una utilizaci\u00f3n \u00f3ptima de la energ\u00eda y reduce los costos operativos.<\/li>\n<li>Alta capacidad de carga: La m\u00e1quina de tracci\u00f3n es capaz de manejar altas capacidades de carga, lo que la hace adecuada para una amplia gama de aplicaciones de ascensores. Proporciona la potencia y el par necesarios para levantar cargas pesadas, garantizando un transporte seguro y eficiente de pasajeros o mercanc\u00edas.<\/li>\n<li>Operaci\u00f3n suave y silenciosa: la m\u00e1quina de tracci\u00f3n est\u00e1 dise\u00f1ada para funcionar de manera suave y silenciosa. Incorpora tecnolog\u00edas de reducci\u00f3n de ruido y mecanismos de amortiguaci\u00f3n de vibraciones, minimizando las interrupciones y creando una experiencia de viaje c\u00f3moda y tranquila para los pasajeros.<\/li>\n<li>Eficiencia energ\u00e9tica: La m\u00e1quina de tracci\u00f3n est\u00e1 dise\u00f1ada teniendo en cuenta la eficiencia energ\u00e9tica. Utiliza algoritmos avanzados de control de motores y funciones de ahorro de energ\u00eda para optimizar el consumo de energ\u00eda durante el funcionamiento del ascensor. Esto ayuda a reducir los costos de energ\u00eda y contribuye a pr\u00e1cticas de construcci\u00f3n sostenibles.<\/li>\n<li>Dise\u00f1o compacto: la m\u00e1quina de tracci\u00f3n presenta un dise\u00f1o compacto que ahorra espacio. Su tama\u00f1o compacto permite una f\u00e1cil instalaci\u00f3n en huecos de ascensores con espacio limitado. El dise\u00f1o compacto tambi\u00e9n contribuye al uso eficiente del espacio disponible y facilita la compatibilidad con varias configuraciones de ascensores.<\/li>\n<li>Durabilidad y confiabilidad: La m\u00e1quina de tracci\u00f3n est\u00e1 construida para soportar las demandas del funcionamiento continuo del ascensor. Est\u00e1 construido con materiales duraderos y se somete a pruebas rigurosas para garantizar la confiabilidad a largo plazo, minimizando la necesidad de mantenimiento o reemplazos frecuentes.<\/li>\n<\/ol>","protected":false},"excerpt":{"rendered":"<p>We can provide various types of traction machines for all your needs. Such as traction machines for Home lift ,Passenger Elevator, Freight Elevator. Efficient Performance: The Traction Machine is designed &hellip;<\/p>\n<p class=\"read-more\"> <a class=\"\" href=\"https:\/\/iddelevator.com\/es_mx\/producto\/maquina-de-traccion\/\"> <span class=\"screen-reader-text\">M\u00e1quina de tracci\u00f3n<\/span> Leer m\u00e1s &quot;<\/a><\/p>","protected":false},"featured_media":2144,"comment_status":"open","ping_status":"closed","template":"","meta":{"site-sidebar-layout":"default","site-content-layout":"","ast-site-content-layout":"default","site-content-style":"default","site-sidebar-style":"default","ast-global-header-display":"","ast-banner-title-visibility":"","ast-main-header-display":"","ast-hfb-above-header-display":"","ast-hfb-below-header-display":"","ast-hfb-mobile-header-display":"","site-post-title":"","ast-breadcrumbs-content":"","ast-featured-img":"","footer-sml-layout":"","theme-transparent-header-meta":"default","adv-header-id-meta":"","stick-header-meta":"default","header-above-stick-meta":"","header-main-stick-meta":"","header-below-stick-meta":"","astra-migrate-meta-layouts":"set","ast-page-background-enabled":"default","ast-page-background-meta":{"desktop":{"background-color":"","background-image":"","background-repeat":"repeat","background-position":"center center","background-size":"auto","background-attachment":"scroll","background-type":"","background-media":"","overlay-type":"","overlay-color":"","overlay-gradient":""},"tablet":{"background-color":"","background-image":"","background-repeat":"repeat","background-position":"center center","background-size":"auto","background-attachment":"scroll","background-type":"","background-media":"","overlay-type":"","overlay-color":"","overlay-gradient":""},"mobile":{"background-color":"","background-image":"","background-repeat":"repeat","background-position":"center center","background-size":"auto","background-attachment":"scroll","background-type":"","background-media":"","overlay-type":"","overlay-color":"","overlay-gradient":""}},"ast-content-background-meta":{"desktop":{"background-color":"var(--ast-global-color-5)","background-image":"","background-repeat":"repeat","background-position":"center center","background-size":"auto","background-attachment":"scroll","background-type":"","background-media":"","overlay-type":"","overlay-color":"","overlay-gradient":""},"tablet":{"background-color":"var(--ast-global-color-5)","background-image":"","background-repeat":"repeat","background-position":"center center","background-size":"auto","background-attachment":"scroll","background-type":"","background-media":"","overlay-type":"","overlay-color":"","overlay-gradient":""},"mobile":{"background-color":"var(--ast-global-color-5)","background-image":"","background-repeat":"repeat","background-position":"center center","background-size":"auto","background-attachment":"scroll","background-type":"","background-media":"","overlay-type":"","overlay-color":"","overlay-gradient":""}}},"product_cat":[50,164,61],"product_tag":[],"class_list":["post-1908","product","type-product","status-publish","has-post-thumbnail","hentry","product_cat-elevator-spare-parts","product_cat-traction-machine-and-door-machine","product_cat-elevator-spare-parts-elevator-spare-parts-4","desktop-align-center","tablet-align-left","mobile-align-left","ast-product-gallery-layout-horizontal-slider","ast-product-tabs-layout-horizontal","ast-qv-on-image"],"_links":{"self":[{"href":"https:\/\/iddelevator.com\/es_mx\/wp-json\/wp\/v2\/product\/1908","targetHints":{"allow":["GET"]}}],"collection":[{"href":"https:\/\/iddelevator.com\/es_mx\/wp-json\/wp\/v2\/product"}],"about":[{"href":"https:\/\/iddelevator.com\/es_mx\/wp-json\/wp\/v2\/types\/product"}],"replies":[{"embeddable":true,"href":"https:\/\/iddelevator.com\/es_mx\/wp-json\/wp\/v2\/comments?post=1908"}],"version-history":[{"count":5,"href":"https:\/\/iddelevator.com\/es_mx\/wp-json\/wp\/v2\/product\/1908\/revisions"}],"predecessor-version":[{"id":2243,"href":"https:\/\/iddelevator.com\/es_mx\/wp-json\/wp\/v2\/product\/1908\/revisions\/2243"}],"wp:featuredmedia":[{"embeddable":true,"href":"https:\/\/iddelevator.com\/es_mx\/wp-json\/wp\/v2\/media\/2144"}],"wp:attachment":[{"href":"https:\/\/iddelevator.com\/es_mx\/wp-json\/wp\/v2\/media?parent=1908"}],"wp:term":[{"taxonomy":"product_cat","embeddable":true,"href":"https:\/\/iddelevator.com\/es_mx\/wp-json\/wp\/v2\/product_cat?post=1908"},{"taxonomy":"product_tag","embeddable":true,"href":"https:\/\/iddelevator.com\/es_mx\/wp-json\/wp\/v2\/product_tag?post=1908"}],"curies":[{"name":"wp","href":"https:\/\/api.w.org\/{rel}","templated":true}]}}