{"id":1879,"date":"2023-11-16T18:00:57","date_gmt":"2023-11-16T10:00:57","guid":{"rendered":"http:\/\/47.245.127.96:3008\/?post_type=product&#038;p=1879"},"modified":"2023-12-29T09:28:46","modified_gmt":"2023-12-29T01:28:46","slug":"guide-rail-light-curtain","status":"publish","type":"product","link":"https:\/\/iddelevator.com\/es_mx\/producto\/cortina-luminosa-riel-guia\/","title":{"rendered":"Carril de gu\u00eda"},"content":{"rendered":"<p>Disponemos de carriles gu\u00eda para ascensores seg\u00fan norma ISO.<\/p>\n<ul>\n<li>Ingenier\u00eda de precisi\u00f3n: el riel gu\u00eda est\u00e1 fabricado con materiales de alta calidad y se somete a rigurosas medidas de control de calidad para cumplir con los est\u00e1ndares de la industria. La construcci\u00f3n precisa del riel gu\u00eda garantiza un rendimiento confiable y consistente.<\/li>\n<li>Durabilidad y longevidad: el riel gu\u00eda de IDD est\u00e1 dise\u00f1ado para soportar condiciones ambientales y de uso intensivo. Est\u00e1 construido con materiales duraderos que pueden soportar el desgaste constante de las operaciones del ascensor. La construcci\u00f3n robusta del riel gu\u00eda garantiza un rendimiento duradero, lo que reduce la necesidad de reemplazos frecuentes y minimiza los costos de mantenimiento.<\/li>\n<li>Seguridad mejorada: Proporciona soporte estable y seguro a la cabina del ascensor, minimizando el riesgo de descarrilamiento o accidentes. El dise\u00f1o del riel gu\u00eda incluye caracter\u00edsticas como superficies antideslizantes y alineaci\u00f3n de precisi\u00f3n, lo que garantiza un desplazamiento seguro y suave del ascensor.<\/li>\n<li>F\u00e1cil instalaci\u00f3n y compatibilidad: el riel gu\u00eda de IDD est\u00e1 dise\u00f1ado para una f\u00e1cil instalaci\u00f3n y compatibilidad con varios sistemas de ascensores. Puede integrarse perfectamente en instalaciones nuevas o usarse como reemplazo de los rieles gu\u00eda existentes. El riel gu\u00eda est\u00e1 disponible en diferentes tama\u00f1os y configuraciones para adaptarse a diferentes modelos y especificaciones de ascensores.<\/li>\n<\/ul>","protected":false},"excerpt":{"rendered":"<p>We\u00a0have elevator guide rails for ISO standard. Precision Engineering: The guide rail is manufactured with high-quality materials and undergoes rigorous quality control measures to meet industry standards. The precise construction &hellip;<\/p>\n<p class=\"read-more\"> <a class=\"\" href=\"https:\/\/iddelevator.com\/es_mx\/producto\/cortina-luminosa-riel-guia\/\"> <span class=\"screen-reader-text\">Carril de gu\u00eda<\/span> Leer m\u00e1s &quot;<\/a><\/p>","protected":false},"featured_media":2828,"comment_status":"open","ping_status":"closed","template":"","meta":{"site-sidebar-layout":"default","site-content-layout":"","ast-site-content-layout":"default","site-content-style":"default","site-sidebar-style":"default","ast-global-header-display":"","ast-banner-title-visibility":"","ast-main-header-display":"","ast-hfb-above-header-display":"","ast-hfb-below-header-display":"","ast-hfb-mobile-header-display":"","site-post-title":"","ast-breadcrumbs-content":"","ast-featured-img":"","footer-sml-layout":"","theme-transparent-header-meta":"default","adv-header-id-meta":"","stick-header-meta":"default","header-above-stick-meta":"","header-main-stick-meta":"","header-below-stick-meta":"","astra-migrate-meta-layouts":"set","ast-page-background-enabled":"default","ast-page-background-meta":{"desktop":{"background-color":"","background-image":"","background-repeat":"repeat","background-position":"center center","background-size":"auto","background-attachment":"scroll","background-type":"","background-media":"","overlay-type":"","overlay-color":"","overlay-gradient":""},"tablet":{"background-color":"","background-image":"","background-repeat":"repeat","background-position":"center center","background-size":"auto","background-attachment":"scroll","background-type":"","background-media":"","overlay-type":"","overlay-color":"","overlay-gradient":""},"mobile":{"background-color":"","background-image":"","background-repeat":"repeat","background-position":"center center","background-size":"auto","background-attachment":"scroll","background-type":"","background-media":"","overlay-type":"","overlay-color":"","overlay-gradient":""}},"ast-content-background-meta":{"desktop":{"background-color":"var(--ast-global-color-5)","background-image":"","background-repeat":"repeat","background-position":"center center","background-size":"auto","background-attachment":"scroll","background-type":"","background-media":"","overlay-type":"","overlay-color":"","overlay-gradient":""},"tablet":{"background-color":"var(--ast-global-color-5)","background-image":"","background-repeat":"repeat","background-position":"center center","background-size":"auto","background-attachment":"scroll","background-type":"","background-media":"","overlay-type":"","overlay-color":"","overlay-gradient":""},"mobile":{"background-color":"var(--ast-global-color-5)","background-image":"","background-repeat":"repeat","background-position":"center center","background-size":"auto","background-attachment":"scroll","background-type":"","background-media":"","overlay-type":"","overlay-color":"","overlay-gradient":""}}},"product_cat":[50,63],"product_tag":[],"class_list":["post-1879","product","type-product","status-publish","has-post-thumbnail","hentry","product_cat-elevator-spare-parts","product_cat-elevator-spare-parts-elevator-spare-parts-2","desktop-align-center","tablet-align-left","mobile-align-left","ast-product-gallery-layout-horizontal-slider","ast-product-tabs-layout-horizontal","ast-qv-on-image"],"_links":{"self":[{"href":"https:\/\/iddelevator.com\/es_mx\/wp-json\/wp\/v2\/product\/1879","targetHints":{"allow":["GET"]}}],"collection":[{"href":"https:\/\/iddelevator.com\/es_mx\/wp-json\/wp\/v2\/product"}],"about":[{"href":"https:\/\/iddelevator.com\/es_mx\/wp-json\/wp\/v2\/types\/product"}],"replies":[{"embeddable":true,"href":"https:\/\/iddelevator.com\/es_mx\/wp-json\/wp\/v2\/comments?post=1879"}],"version-history":[{"count":4,"href":"https:\/\/iddelevator.com\/es_mx\/wp-json\/wp\/v2\/product\/1879\/revisions"}],"predecessor-version":[{"id":2200,"href":"https:\/\/iddelevator.com\/es_mx\/wp-json\/wp\/v2\/product\/1879\/revisions\/2200"}],"wp:featuredmedia":[{"embeddable":true,"href":"https:\/\/iddelevator.com\/es_mx\/wp-json\/wp\/v2\/media\/2828"}],"wp:attachment":[{"href":"https:\/\/iddelevator.com\/es_mx\/wp-json\/wp\/v2\/media?parent=1879"}],"wp:term":[{"taxonomy":"product_cat","embeddable":true,"href":"https:\/\/iddelevator.com\/es_mx\/wp-json\/wp\/v2\/product_cat?post=1879"},{"taxonomy":"product_tag","embeddable":true,"href":"https:\/\/iddelevator.com\/es_mx\/wp-json\/wp\/v2\/product_tag?post=1879"}],"curies":[{"name":"wp","href":"https:\/\/api.w.org\/{rel}","templated":true}]}}