{"id":1869,"date":"2023-11-17T13:32:42","date_gmt":"2023-11-17T05:32:42","guid":{"rendered":"http:\/\/47.245.127.96:3008\/?post_type=product&#038;p=1869"},"modified":"2025-11-16T19:04:39","modified_gmt":"2025-11-16T11:04:39","slug":"system-update-traction-system","status":"publish","type":"product","link":"https:\/\/iddelevator.com\/es_mx\/producto\/actualizacion-del-sistema-sistema-de-traccion\/","title":{"rendered":"Actualizaci\u00f3n del sistema: sistema de tracci\u00f3n"},"content":{"rendered":"<ul>\n<li>\u00a0El sistema de tracci\u00f3n incorpora tecnolog\u00eda y componentes avanzados, lo que da como resultado movimientos del ascensor m\u00e1s suaves y precisos. Proporciona un mayor confort de marcha para los pasajeros y reduce los niveles de vibraci\u00f3n y ruido.<\/li>\n<li>El sistema mejora la eficiencia energ\u00e9tica mediante el uso de unidades regenerativas y algoritmos optimizados de control del motor. Convierte y recicla energ\u00eda de manera eficiente durante el funcionamiento del ascensor, lo que reduce el consumo de energ\u00eda y los costos operativos.<\/li>\n<li>Adem\u00e1s, el sistema de tracci\u00f3n est\u00e1 dise\u00f1ado para una integraci\u00f3n perfecta con las configuraciones de ascensores existentes, minimizando el tiempo de instalaci\u00f3n y la interrupci\u00f3n de las operaciones del edificio. Es compatible con varios modelos de ascensores y se puede adaptar f\u00e1cilmente a diferentes capacidades de carga y velocidades de desplazamiento.<\/li>\n<\/ul>","protected":false},"excerpt":{"rendered":"<p>\u00a0The Traction System incorporates advanced technology and components, resulting in smoother and more precise elevator movements. It provides improved ride comfort for passengers and reduces vibration and noise levels. The &hellip;<\/p>\n<p class=\"read-more\"> <a class=\"\" href=\"https:\/\/iddelevator.com\/es_mx\/producto\/actualizacion-del-sistema-sistema-de-traccion\/\"> <span class=\"screen-reader-text\">Actualizaci\u00f3n del sistema: sistema de tracci\u00f3n<\/span> Leer m\u00e1s &quot;<\/a><\/p>","protected":false},"featured_media":3021,"comment_status":"open","ping_status":"closed","template":"","meta":{"site-sidebar-layout":"default","site-content-layout":"","ast-site-content-layout":"default","site-content-style":"default","site-sidebar-style":"default","ast-global-header-display":"","ast-banner-title-visibility":"","ast-main-header-display":"","ast-hfb-above-header-display":"","ast-hfb-below-header-display":"","ast-hfb-mobile-header-display":"","site-post-title":"","ast-breadcrumbs-content":"","ast-featured-img":"","footer-sml-layout":"","theme-transparent-header-meta":"default","adv-header-id-meta":"","stick-header-meta":"default","header-above-stick-meta":"","header-main-stick-meta":"","header-below-stick-meta":"","astra-migrate-meta-layouts":"set","ast-page-background-enabled":"default","ast-page-background-meta":{"desktop":{"background-color":"","background-image":"","background-repeat":"repeat","background-position":"center center","background-size":"auto","background-attachment":"scroll","background-type":"","background-media":"","overlay-type":"","overlay-color":"","overlay-gradient":""},"tablet":{"background-color":"","background-image":"","background-repeat":"repeat","background-position":"center center","background-size":"auto","background-attachment":"scroll","background-type":"","background-media":"","overlay-type":"","overlay-color":"","overlay-gradient":""},"mobile":{"background-color":"","background-image":"","background-repeat":"repeat","background-position":"center center","background-size":"auto","background-attachment":"scroll","background-type":"","background-media":"","overlay-type":"","overlay-color":"","overlay-gradient":""}},"ast-content-background-meta":{"desktop":{"background-color":"var(--ast-global-color-5)","background-image":"","background-repeat":"repeat","background-position":"center center","background-size":"auto","background-attachment":"scroll","background-type":"","background-media":"","overlay-type":"","overlay-color":"","overlay-gradient":""},"tablet":{"background-color":"var(--ast-global-color-5)","background-image":"","background-repeat":"repeat","background-position":"center center","background-size":"auto","background-attachment":"scroll","background-type":"","background-media":"","overlay-type":"","overlay-color":"","overlay-gradient":""},"mobile":{"background-color":"var(--ast-global-color-5)","background-image":"","background-repeat":"repeat","background-position":"center center","background-size":"auto","background-attachment":"scroll","background-type":"","background-media":"","overlay-type":"","overlay-color":"","overlay-gradient":""}}},"product_cat":[49,53],"product_tag":[],"class_list":["post-1869","product","type-product","status-publish","has-post-thumbnail","hentry","product_cat-elevator-renovation","product_cat-elevator-renovation-elevator-renovation-2","desktop-align-center","tablet-align-left","mobile-align-left","ast-product-gallery-layout-horizontal-slider","ast-product-tabs-layout-horizontal","ast-qv-on-image"],"_links":{"self":[{"href":"https:\/\/iddelevator.com\/es_mx\/wp-json\/wp\/v2\/product\/1869","targetHints":{"allow":["GET"]}}],"collection":[{"href":"https:\/\/iddelevator.com\/es_mx\/wp-json\/wp\/v2\/product"}],"about":[{"href":"https:\/\/iddelevator.com\/es_mx\/wp-json\/wp\/v2\/types\/product"}],"replies":[{"embeddable":true,"href":"https:\/\/iddelevator.com\/es_mx\/wp-json\/wp\/v2\/comments?post=1869"}],"version-history":[{"count":4,"href":"https:\/\/iddelevator.com\/es_mx\/wp-json\/wp\/v2\/product\/1869\/revisions"}],"predecessor-version":[{"id":2194,"href":"https:\/\/iddelevator.com\/es_mx\/wp-json\/wp\/v2\/product\/1869\/revisions\/2194"}],"wp:featuredmedia":[{"embeddable":true,"href":"https:\/\/iddelevator.com\/es_mx\/wp-json\/wp\/v2\/media\/3021"}],"wp:attachment":[{"href":"https:\/\/iddelevator.com\/es_mx\/wp-json\/wp\/v2\/media?parent=1869"}],"wp:term":[{"taxonomy":"product_cat","embeddable":true,"href":"https:\/\/iddelevator.com\/es_mx\/wp-json\/wp\/v2\/product_cat?post=1869"},{"taxonomy":"product_tag","embeddable":true,"href":"https:\/\/iddelevator.com\/es_mx\/wp-json\/wp\/v2\/product_tag?post=1869"}],"curies":[{"name":"wp","href":"https:\/\/api.w.org\/{rel}","templated":true}]}}