{"id":1865,"date":"2023-11-17T14:31:51","date_gmt":"2023-11-17T06:31:51","guid":{"rendered":"http:\/\/47.245.127.96:3008\/?post_type=product&#038;p=1865"},"modified":"2025-09-10T10:02:17","modified_gmt":"2025-09-10T02:02:17","slug":"system-update-electrical-system","status":"publish","type":"product","link":"https:\/\/iddelevator.com\/es_mx\/producto\/actualizacion-del-sistema-sistema-electrico\/","title":{"rendered":"Actualizaci\u00f3n del sistema: sistema el\u00e9ctrico"},"content":{"rendered":"<ul>\n<li>\u00a0El Sistema El\u00e9ctrico incorpora tecnolog\u00eda y componentes avanzados, asegurando una distribuci\u00f3n eficiente de la energ\u00eda y un consumo energ\u00e9tico optimizado. Mejora la eficiencia energ\u00e9tica general del ascensor, reduciendo los costes operativos y el impacto medioambiental.<\/li>\n<li>El sistema mejora la seguridad de las operaciones el\u00e9ctricas mediante la integraci\u00f3n de sensores inteligentes y mecanismos de detecci\u00f3n de fallas. Detecta y alerta sobre cualquier anomal\u00eda el\u00e9ctrica, previniendo posibles peligros y garantizando la seguridad de pasajeros y t\u00e9cnicos.<\/li>\n<li>Adem\u00e1s, el sistema el\u00e9ctrico est\u00e1 dise\u00f1ado para una integraci\u00f3n perfecta con las configuraciones de ascensores existentes, minimizando el tiempo de inactividad durante el proceso de actualizaci\u00f3n. Es compatible con varios modelos de ascensores y sistemas de control, aportando versatilidad y facilidad de instalaci\u00f3n.<\/li>\n<\/ul>","protected":false},"excerpt":{"rendered":"<p>\u00a0The Electrical System incorporates advanced technology and components, ensuring efficient power distribution and optimized energy consumption. It improves the overall energy efficiency of the elevator, reducing operating costs and environmental &hellip;<\/p>\n<p class=\"read-more\"> <a class=\"\" href=\"https:\/\/iddelevator.com\/es_mx\/producto\/actualizacion-del-sistema-sistema-electrico\/\"> <span class=\"screen-reader-text\">Actualizaci\u00f3n del sistema: sistema el\u00e9ctrico<\/span> Leer m\u00e1s &quot;<\/a><\/p>","protected":false},"featured_media":2116,"comment_status":"open","ping_status":"closed","template":"","meta":{"site-sidebar-layout":"default","site-content-layout":"","ast-site-content-layout":"default","site-content-style":"default","site-sidebar-style":"default","ast-global-header-display":"","ast-banner-title-visibility":"","ast-main-header-display":"","ast-hfb-above-header-display":"","ast-hfb-below-header-display":"","ast-hfb-mobile-header-display":"","site-post-title":"","ast-breadcrumbs-content":"","ast-featured-img":"","footer-sml-layout":"","theme-transparent-header-meta":"default","adv-header-id-meta":"","stick-header-meta":"default","header-above-stick-meta":"","header-main-stick-meta":"","header-below-stick-meta":"","astra-migrate-meta-layouts":"set","ast-page-background-enabled":"default","ast-page-background-meta":{"desktop":{"background-color":"","background-image":"","background-repeat":"repeat","background-position":"center center","background-size":"auto","background-attachment":"scroll","background-type":"","background-media":"","overlay-type":"","overlay-color":"","overlay-gradient":""},"tablet":{"background-color":"","background-image":"","background-repeat":"repeat","background-position":"center center","background-size":"auto","background-attachment":"scroll","background-type":"","background-media":"","overlay-type":"","overlay-color":"","overlay-gradient":""},"mobile":{"background-color":"","background-image":"","background-repeat":"repeat","background-position":"center center","background-size":"auto","background-attachment":"scroll","background-type":"","background-media":"","overlay-type":"","overlay-color":"","overlay-gradient":""}},"ast-content-background-meta":{"desktop":{"background-color":"var(--ast-global-color-5)","background-image":"","background-repeat":"repeat","background-position":"center center","background-size":"auto","background-attachment":"scroll","background-type":"","background-media":"","overlay-type":"","overlay-color":"","overlay-gradient":""},"tablet":{"background-color":"var(--ast-global-color-5)","background-image":"","background-repeat":"repeat","background-position":"center center","background-size":"auto","background-attachment":"scroll","background-type":"","background-media":"","overlay-type":"","overlay-color":"","overlay-gradient":""},"mobile":{"background-color":"var(--ast-global-color-5)","background-image":"","background-repeat":"repeat","background-position":"center center","background-size":"auto","background-attachment":"scroll","background-type":"","background-media":"","overlay-type":"","overlay-color":"","overlay-gradient":""}}},"product_cat":[49,53],"product_tag":[],"class_list":["post-1865","product","type-product","status-publish","has-post-thumbnail","hentry","product_cat-elevator-renovation","product_cat-elevator-renovation-elevator-renovation-2","desktop-align-center","tablet-align-left","mobile-align-left","ast-product-gallery-layout-horizontal-slider","ast-product-tabs-layout-horizontal","ast-qv-on-image"],"_links":{"self":[{"href":"https:\/\/iddelevator.com\/es_mx\/wp-json\/wp\/v2\/product\/1865","targetHints":{"allow":["GET"]}}],"collection":[{"href":"https:\/\/iddelevator.com\/es_mx\/wp-json\/wp\/v2\/product"}],"about":[{"href":"https:\/\/iddelevator.com\/es_mx\/wp-json\/wp\/v2\/types\/product"}],"replies":[{"embeddable":true,"href":"https:\/\/iddelevator.com\/es_mx\/wp-json\/wp\/v2\/comments?post=1865"}],"version-history":[{"count":5,"href":"https:\/\/iddelevator.com\/es_mx\/wp-json\/wp\/v2\/product\/1865\/revisions"}],"predecessor-version":[{"id":2195,"href":"https:\/\/iddelevator.com\/es_mx\/wp-json\/wp\/v2\/product\/1865\/revisions\/2195"}],"wp:featuredmedia":[{"embeddable":true,"href":"https:\/\/iddelevator.com\/es_mx\/wp-json\/wp\/v2\/media\/2116"}],"wp:attachment":[{"href":"https:\/\/iddelevator.com\/es_mx\/wp-json\/wp\/v2\/media?parent=1865"}],"wp:term":[{"taxonomy":"product_cat","embeddable":true,"href":"https:\/\/iddelevator.com\/es_mx\/wp-json\/wp\/v2\/product_cat?post=1865"},{"taxonomy":"product_tag","embeddable":true,"href":"https:\/\/iddelevator.com\/es_mx\/wp-json\/wp\/v2\/product_tag?post=1865"}],"curies":[{"name":"wp","href":"https:\/\/api.w.org\/{rel}","templated":true}]}}