{"id":2199,"date":"2023-11-16T17:50:15","date_gmt":"2023-11-16T09:50:15","guid":{"rendered":"http:\/\/47.245.127.96:3008\/?post_type=product&#038;p=2199"},"modified":"2023-12-29T09:29:31","modified_gmt":"2023-12-29T01:29:31","slug":"light-curtain","status":"publish","type":"product","link":"https:\/\/iddelevator.com\/es\/producto\/cortina-de-luz\/","title":{"rendered":"Cortina de luz"},"content":{"rendered":"<ul>\n<li>Detecci\u00f3n precisa y confiable: La cortina de luz proporciona una detecci\u00f3n precisa y confiable de cualquier obstrucci\u00f3n en el camino de las puertas del ascensor. Sus sensores de alta resoluci\u00f3n pueden detectar incluso objetos peque\u00f1os, asegurando que las puertas no se cierren sobre pasajeros u objetos, minimizando as\u00ed el riesgo de atrapamiento o lesiones.<\/li>\n<li>F\u00e1cil instalaci\u00f3n e integraci\u00f3n: La cortina de luz de IDD est\u00e1 dise\u00f1ada para una f\u00e1cil instalaci\u00f3n e integraci\u00f3n en sistemas de ascensores existentes. Puede integrarse perfectamente con varios sistemas de control de puertas, lo que la convierte en una soluci\u00f3n vers\u00e1til tanto para instalaciones nuevas como para modernizaciones. El sencillo proceso de instalaci\u00f3n ayuda a minimizar el tiempo de inactividad durante el proceso de actualizaci\u00f3n o instalaci\u00f3n.<\/li>\n<li>Configuraci\u00f3n personalizable: la cortina de luz se puede personalizar para cumplir con requisitos espec\u00edficos. Ofrece ajustes de altura y sensibilidad ajustables, lo que permite una configuraci\u00f3n precisa seg\u00fan las necesidades del ascensor y el entorno circundante. Esta personalizaci\u00f3n garantiza un rendimiento \u00f3ptimo y compatibilidad con diferentes modelos de ascensores.<\/li>\n<\/ul>","protected":false},"excerpt":{"rendered":"<p>Accurate and Reliable Detection: The Light Curtain provides accurate and reliable detection of any obstruction in the path of the elevator doors. Its high-resolution sensors can detect even small objects, &hellip;<\/p>\n<p class=\"read-more\"> <a class=\"\" href=\"https:\/\/iddelevator.com\/es\/producto\/cortina-de-luz\/\"> <span class=\"screen-reader-text\">Cortina de luz<\/span> Leer m\u00e1s \u00bb<\/a><\/p>","protected":false},"featured_media":2827,"comment_status":"open","ping_status":"closed","template":"","meta":{"site-sidebar-layout":"default","site-content-layout":"","ast-site-content-layout":"default","site-content-style":"default","site-sidebar-style":"default","ast-global-header-display":"","ast-banner-title-visibility":"","ast-main-header-display":"","ast-hfb-above-header-display":"","ast-hfb-below-header-display":"","ast-hfb-mobile-header-display":"","site-post-title":"","ast-breadcrumbs-content":"","ast-featured-img":"","footer-sml-layout":"","theme-transparent-header-meta":"default","adv-header-id-meta":"","stick-header-meta":"default","header-above-stick-meta":"","header-main-stick-meta":"","header-below-stick-meta":"","astra-migrate-meta-layouts":"set","ast-page-background-enabled":"default","ast-page-background-meta":{"desktop":{"background-color":"","background-image":"","background-repeat":"repeat","background-position":"center center","background-size":"auto","background-attachment":"scroll","background-type":"","background-media":"","overlay-type":"","overlay-color":"","overlay-gradient":""},"tablet":{"background-color":"","background-image":"","background-repeat":"repeat","background-position":"center center","background-size":"auto","background-attachment":"scroll","background-type":"","background-media":"","overlay-type":"","overlay-color":"","overlay-gradient":""},"mobile":{"background-color":"","background-image":"","background-repeat":"repeat","background-position":"center center","background-size":"auto","background-attachment":"scroll","background-type":"","background-media":"","overlay-type":"","overlay-color":"","overlay-gradient":""}},"ast-content-background-meta":{"desktop":{"background-color":"var(--ast-global-color-5)","background-image":"","background-repeat":"repeat","background-position":"center center","background-size":"auto","background-attachment":"scroll","background-type":"","background-media":"","overlay-type":"","overlay-color":"","overlay-gradient":""},"tablet":{"background-color":"var(--ast-global-color-5)","background-image":"","background-repeat":"repeat","background-position":"center center","background-size":"auto","background-attachment":"scroll","background-type":"","background-media":"","overlay-type":"","overlay-color":"","overlay-gradient":""},"mobile":{"background-color":"var(--ast-global-color-5)","background-image":"","background-repeat":"repeat","background-position":"center center","background-size":"auto","background-attachment":"scroll","background-type":"","background-media":"","overlay-type":"","overlay-color":"","overlay-gradient":""}}},"product_cat":[50,63],"product_tag":[],"class_list":["post-2199","product","type-product","status-publish","has-post-thumbnail","hentry","product_cat-elevator-spare-parts","product_cat-elevator-spare-parts-elevator-spare-parts-2","desktop-align-center","tablet-align-left","mobile-align-left","ast-product-gallery-layout-horizontal-slider","ast-product-tabs-layout-horizontal","ast-qv-on-image"],"_links":{"self":[{"href":"https:\/\/iddelevator.com\/es\/wp-json\/wp\/v2\/product\/2199","targetHints":{"allow":["GET"]}}],"collection":[{"href":"https:\/\/iddelevator.com\/es\/wp-json\/wp\/v2\/product"}],"about":[{"href":"https:\/\/iddelevator.com\/es\/wp-json\/wp\/v2\/types\/product"}],"replies":[{"embeddable":true,"href":"https:\/\/iddelevator.com\/es\/wp-json\/wp\/v2\/comments?post=2199"}],"version-history":[{"count":3,"href":"https:\/\/iddelevator.com\/es\/wp-json\/wp\/v2\/product\/2199\/revisions"}],"predecessor-version":[{"id":2221,"href":"https:\/\/iddelevator.com\/es\/wp-json\/wp\/v2\/product\/2199\/revisions\/2221"}],"wp:featuredmedia":[{"embeddable":true,"href":"https:\/\/iddelevator.com\/es\/wp-json\/wp\/v2\/media\/2827"}],"wp:attachment":[{"href":"https:\/\/iddelevator.com\/es\/wp-json\/wp\/v2\/media?parent=2199"}],"wp:term":[{"taxonomy":"product_cat","embeddable":true,"href":"https:\/\/iddelevator.com\/es\/wp-json\/wp\/v2\/product_cat?post=2199"},{"taxonomy":"product_tag","embeddable":true,"href":"https:\/\/iddelevator.com\/es\/wp-json\/wp\/v2\/product_tag?post=2199"}],"curies":[{"name":"wp","href":"https:\/\/api.w.org\/{rel}","templated":true}]}}