{"id":1893,"date":"2023-11-16T15:46:13","date_gmt":"2023-11-16T07:46:13","guid":{"rendered":"http:\/\/47.245.127.96:3008\/?post_type=product&#038;p=1893"},"modified":"2023-12-29T09:30:43","modified_gmt":"2023-12-29T01:30:43","slug":"monarch-parts","status":"publish","type":"product","link":"https:\/\/iddelevator.com\/es\/producto\/partes-monarca\/","title":{"rendered":"Piezas monarca"},"content":{"rendered":"<p>El NICE3000<sup>nuevo<\/sup>El controlador de ascensor integrado es un sistema de control inteligente l\u00edder en el mundo que integra tecnolog\u00edas inform\u00e1ticas, de control autom\u00e1tico, de comunicaci\u00f3n en red y de accionamiento vectorial de motor.<\/p>\n<ul>\n<li>Fabricaci\u00f3n de alta calidad: Monarch Parts es conocida por sus est\u00e1ndares de fabricaci\u00f3n de alta calidad. Est\u00e1n construidos con precisi\u00f3n y atenci\u00f3n al detalle, asegurando durabilidad y longevidad. Las piezas Monarch se someten a pruebas rigurosas para cumplir o superar los est\u00e1ndares de la industria, garantizando un rendimiento confiable y consistente.<\/li>\n<li>Amplia gama de compatibilidad: las piezas Monarch est\u00e1n dise\u00f1adas para ser compatibles con una amplia gama de equipos y maquinaria. Ya sea maquinaria industrial, componentes automotrices o dispositivos electr\u00f3nicos, Monarch Parts ofrece versatilidad y adaptabilidad, lo que los hace adecuados para diversas aplicaciones.<\/li>\n<li>Amplia gama de productos: Monarch Parts ofrece una amplia gama de productos que satisfacen diversas necesidades y requisitos. Desde componentes mec\u00e1nicos hasta piezas el\u00e9ctricas, Monarch Parts ofrece una selecci\u00f3n completa, lo que garantiza que los clientes puedan encontrar la pieza espec\u00edfica que necesitan para su equipo.<\/li>\n<li>Excelente rendimiento: las piezas Monarch est\u00e1n dise\u00f1adas para ofrecer un rendimiento excelente. Est\u00e1n dise\u00f1ados para cumplir o superar los est\u00e1ndares de la industria, garantizando una funcionalidad y eficiencia \u00f3ptimas. Monarch Parts se somete a rigurosas medidas de control de calidad para garantizar un rendimiento constante y la satisfacci\u00f3n del cliente.<\/li>\n<li>Disponibilidad confiable: Las piezas Monarch est\u00e1n disponibles f\u00e1cilmente, lo que garantiza un reemplazo o reparaci\u00f3n del equipo r\u00e1pido y eficiente. La amplia red de distribuci\u00f3n y la gesti\u00f3n eficiente de la cadena de suministro de Monarch Parts garantizan que los clientes puedan acceder a las piezas que necesitan cuando las necesitan, minimizando el tiempo de inactividad y maximizando la productividad.<\/li>\n<\/ul>","protected":false},"excerpt":{"rendered":"<p>The\u00a0NICE3000newintegrated elevator controller is world-leading intelligent control system that integrates computer ,automatic control,network communication,and motor vector drive technologies. High-Quality Manufacturing: Monarch Parts are known for their high-quality manufacturing standards. They &hellip;<\/p>\n<p class=\"read-more\"> <a class=\"\" href=\"https:\/\/iddelevator.com\/es\/producto\/partes-monarca\/\"> <span class=\"screen-reader-text\">Piezas monarca<\/span> Leer m\u00e1s \u00bb<\/a><\/p>","protected":false},"featured_media":2138,"comment_status":"open","ping_status":"closed","template":"","meta":{"site-sidebar-layout":"default","site-content-layout":"","ast-site-content-layout":"default","site-content-style":"default","site-sidebar-style":"default","ast-global-header-display":"","ast-banner-title-visibility":"","ast-main-header-display":"","ast-hfb-above-header-display":"","ast-hfb-below-header-display":"","ast-hfb-mobile-header-display":"","site-post-title":"","ast-breadcrumbs-content":"","ast-featured-img":"","footer-sml-layout":"","theme-transparent-header-meta":"default","adv-header-id-meta":"","stick-header-meta":"default","header-above-stick-meta":"","header-main-stick-meta":"","header-below-stick-meta":"","astra-migrate-meta-layouts":"set","ast-page-background-enabled":"default","ast-page-background-meta":{"desktop":{"background-color":"","background-image":"","background-repeat":"repeat","background-position":"center center","background-size":"auto","background-attachment":"scroll","background-type":"","background-media":"","overlay-type":"","overlay-color":"","overlay-gradient":""},"tablet":{"background-color":"","background-image":"","background-repeat":"repeat","background-position":"center center","background-size":"auto","background-attachment":"scroll","background-type":"","background-media":"","overlay-type":"","overlay-color":"","overlay-gradient":""},"mobile":{"background-color":"","background-image":"","background-repeat":"repeat","background-position":"center center","background-size":"auto","background-attachment":"scroll","background-type":"","background-media":"","overlay-type":"","overlay-color":"","overlay-gradient":""}},"ast-content-background-meta":{"desktop":{"background-color":"var(--ast-global-color-5)","background-image":"","background-repeat":"repeat","background-position":"center center","background-size":"auto","background-attachment":"scroll","background-type":"","background-media":"","overlay-type":"","overlay-color":"","overlay-gradient":""},"tablet":{"background-color":"var(--ast-global-color-5)","background-image":"","background-repeat":"repeat","background-position":"center center","background-size":"auto","background-attachment":"scroll","background-type":"","background-media":"","overlay-type":"","overlay-color":"","overlay-gradient":""},"mobile":{"background-color":"var(--ast-global-color-5)","background-image":"","background-repeat":"repeat","background-position":"center center","background-size":"auto","background-attachment":"scroll","background-type":"","background-media":"","overlay-type":"","overlay-color":"","overlay-gradient":""}}},"product_cat":[50,65],"product_tag":[],"class_list":["post-1893","product","type-product","status-publish","has-post-thumbnail","hentry","product_cat-elevator-spare-parts","product_cat-elevator-spare-parts-elevator-spare-parts-5","desktop-align-center","tablet-align-left","mobile-align-left","ast-product-gallery-layout-horizontal-slider","ast-product-tabs-layout-horizontal","ast-qv-on-image"],"_links":{"self":[{"href":"https:\/\/iddelevator.com\/es\/wp-json\/wp\/v2\/product\/1893","targetHints":{"allow":["GET"]}}],"collection":[{"href":"https:\/\/iddelevator.com\/es\/wp-json\/wp\/v2\/product"}],"about":[{"href":"https:\/\/iddelevator.com\/es\/wp-json\/wp\/v2\/types\/product"}],"replies":[{"embeddable":true,"href":"https:\/\/iddelevator.com\/es\/wp-json\/wp\/v2\/comments?post=1893"}],"version-history":[{"count":3,"href":"https:\/\/iddelevator.com\/es\/wp-json\/wp\/v2\/product\/1893\/revisions"}],"predecessor-version":[{"id":2225,"href":"https:\/\/iddelevator.com\/es\/wp-json\/wp\/v2\/product\/1893\/revisions\/2225"}],"wp:featuredmedia":[{"embeddable":true,"href":"https:\/\/iddelevator.com\/es\/wp-json\/wp\/v2\/media\/2138"}],"wp:attachment":[{"href":"https:\/\/iddelevator.com\/es\/wp-json\/wp\/v2\/media?parent=1893"}],"wp:term":[{"taxonomy":"product_cat","embeddable":true,"href":"https:\/\/iddelevator.com\/es\/wp-json\/wp\/v2\/product_cat?post=1893"},{"taxonomy":"product_tag","embeddable":true,"href":"https:\/\/iddelevator.com\/es\/wp-json\/wp\/v2\/product_tag?post=1893"}],"curies":[{"name":"wp","href":"https:\/\/api.w.org\/{rel}","templated":true}]}}