{"id":1887,"date":"2024-05-14T08:30:25","date_gmt":"2024-05-14T00:30:25","guid":{"rendered":"http:\/\/47.245.127.96:3008\/?post_type=product&#038;p=1887"},"modified":"2025-11-16T18:59:51","modified_gmt":"2025-11-16T10:59:51","slug":"control-cabin","status":"publish","type":"product","link":"https:\/\/iddelevator.com\/es\/producto\/cabina-de-control\/","title":{"rendered":"Cabina de control"},"content":{"rendered":"<ul>\n<li>Configuraci\u00f3n personalizable: los operadores de ascensores pueden elegir entre una variedad de opciones y caracter\u00edsticas para adaptar el sistema de control a sus requisitos, garantizando un rendimiento y compatibilidad \u00f3ptimos.<\/li>\n<li>Monitoreo y diagn\u00f3stico remotos: La cabina de control est\u00e1 equipada con capacidades de diagn\u00f3stico y monitoreo remoto, lo que permite a los operadores de ascensores monitorear el desempe\u00f1o del sistema y detectar cualquier problema potencial de forma remota. Esta caracter\u00edstica permite el mantenimiento y la resoluci\u00f3n de problemas proactivos, minimizando el tiempo de inactividad y mejorando la confiabilidad general del ascensor.<\/li>\n<li>Eficiencia energ\u00e9tica: el sistema de control est\u00e1 dise\u00f1ado para minimizar el desperdicio de energ\u00eda y reducir los costos operativos, lo que lo convierte en una soluci\u00f3n sostenible y rentable para los sistemas de ascensores.<\/li>\n<li>Integraci\u00f3n con sistemas de gesti\u00f3n de edificios: la cabina de control est\u00e1 dise\u00f1ada para una integraci\u00f3n perfecta con los sistemas de gesti\u00f3n de edificios, lo que permite el control y monitoreo centralizados de m\u00faltiples ascensores dentro de un edificio. Esta integraci\u00f3n permite una coordinaci\u00f3n eficiente de las operaciones de los ascensores y mejora la eficiencia general de la gesti\u00f3n del edificio.<\/li>\n<\/ul>","protected":false},"excerpt":{"rendered":"<p>Customizable Configuration:Elevator operators can choose from a range of options and features to tailor the control system to their requirements, ensuring optimal performance and compatibility. Remote Monitoring and Diagnostics: The &hellip;<\/p>\n<p class=\"read-more\"> <a class=\"\" href=\"https:\/\/iddelevator.com\/es\/producto\/cabina-de-control\/\"> <span class=\"screen-reader-text\">Cabina de control<\/span> Leer m\u00e1s \u00bb<\/a><\/p>","protected":false},"featured_media":3817,"comment_status":"open","ping_status":"closed","template":"","meta":{"site-sidebar-layout":"default","site-content-layout":"","ast-site-content-layout":"default","site-content-style":"default","site-sidebar-style":"default","ast-global-header-display":"","ast-banner-title-visibility":"","ast-main-header-display":"","ast-hfb-above-header-display":"","ast-hfb-below-header-display":"","ast-hfb-mobile-header-display":"","site-post-title":"","ast-breadcrumbs-content":"","ast-featured-img":"","footer-sml-layout":"","theme-transparent-header-meta":"default","adv-header-id-meta":"","stick-header-meta":"default","header-above-stick-meta":"","header-main-stick-meta":"","header-below-stick-meta":"","astra-migrate-meta-layouts":"set","ast-page-background-enabled":"default","ast-page-background-meta":{"desktop":{"background-color":"","background-image":"","background-repeat":"repeat","background-position":"center center","background-size":"auto","background-attachment":"scroll","background-type":"","background-media":"","overlay-type":"","overlay-color":"","overlay-gradient":""},"tablet":{"background-color":"","background-image":"","background-repeat":"repeat","background-position":"center center","background-size":"auto","background-attachment":"scroll","background-type":"","background-media":"","overlay-type":"","overlay-color":"","overlay-gradient":""},"mobile":{"background-color":"","background-image":"","background-repeat":"repeat","background-position":"center center","background-size":"auto","background-attachment":"scroll","background-type":"","background-media":"","overlay-type":"","overlay-color":"","overlay-gradient":""}},"ast-content-background-meta":{"desktop":{"background-color":"var(--ast-global-color-5)","background-image":"","background-repeat":"repeat","background-position":"center center","background-size":"auto","background-attachment":"scroll","background-type":"","background-media":"","overlay-type":"","overlay-color":"","overlay-gradient":""},"tablet":{"background-color":"var(--ast-global-color-5)","background-image":"","background-repeat":"repeat","background-position":"center center","background-size":"auto","background-attachment":"scroll","background-type":"","background-media":"","overlay-type":"","overlay-color":"","overlay-gradient":""},"mobile":{"background-color":"var(--ast-global-color-5)","background-image":"","background-repeat":"repeat","background-position":"center center","background-size":"auto","background-attachment":"scroll","background-type":"","background-media":"","overlay-type":"","overlay-color":"","overlay-gradient":""}}},"product_cat":[50,64],"product_tag":[],"class_list":["post-1887","product","type-product","status-publish","has-post-thumbnail","hentry","product_cat-elevator-spare-parts","product_cat-elevator-spare-parts-elevator-spare-parts-3","desktop-align-center","tablet-align-left","mobile-align-left","ast-product-gallery-layout-horizontal-slider","ast-product-tabs-layout-horizontal","ast-qv-on-image"],"_links":{"self":[{"href":"https:\/\/iddelevator.com\/es\/wp-json\/wp\/v2\/product\/1887","targetHints":{"allow":["GET"]}}],"collection":[{"href":"https:\/\/iddelevator.com\/es\/wp-json\/wp\/v2\/product"}],"about":[{"href":"https:\/\/iddelevator.com\/es\/wp-json\/wp\/v2\/types\/product"}],"replies":[{"embeddable":true,"href":"https:\/\/iddelevator.com\/es\/wp-json\/wp\/v2\/comments?post=1887"}],"version-history":[{"count":3,"href":"https:\/\/iddelevator.com\/es\/wp-json\/wp\/v2\/product\/1887\/revisions"}],"predecessor-version":[{"id":2223,"href":"https:\/\/iddelevator.com\/es\/wp-json\/wp\/v2\/product\/1887\/revisions\/2223"}],"wp:featuredmedia":[{"embeddable":true,"href":"https:\/\/iddelevator.com\/es\/wp-json\/wp\/v2\/media\/3817"}],"wp:attachment":[{"href":"https:\/\/iddelevator.com\/es\/wp-json\/wp\/v2\/media?parent=1887"}],"wp:term":[{"taxonomy":"product_cat","embeddable":true,"href":"https:\/\/iddelevator.com\/es\/wp-json\/wp\/v2\/product_cat?post=1887"},{"taxonomy":"product_tag","embeddable":true,"href":"https:\/\/iddelevator.com\/es\/wp-json\/wp\/v2\/product_tag?post=1887"}],"curies":[{"name":"wp","href":"https:\/\/api.w.org\/{rel}","templated":true}]}}