{"id":1861,"date":"2023-11-17T15:26:03","date_gmt":"2023-11-17T07:26:03","guid":{"rendered":"http:\/\/47.245.127.96:3008\/?post_type=product&#038;p=1861"},"modified":"2025-11-16T19:01:35","modified_gmt":"2025-11-16T11:01:35","slug":"system-update-door-motor-system","status":"publish","type":"product","link":"https:\/\/iddelevator.com\/es\/producto\/sistema-actualizacion-sistema-motor-puerta\/","title":{"rendered":"Actualizaci\u00f3n del sistema: sistema de motor de puerta"},"content":{"rendered":"<ul>\n<li>Garantiza movimientos de puerta suaves y eficientes, eliminando retrasos, atascos y desalineaciones. Los pasajeros pueden disfrutar de una experiencia c\u00f3moda y fluida al entrar o salir del ascensor.<\/li>\n<li>En segundo lugar, el sistema incorpora sensores avanzados y funciones de seguridad, priorizando la seguridad de los pasajeros. Detecta obst\u00e1culos en tiempo real, previniendo accidentes y garantizando operaciones seguras. Adem\u00e1s, el sistema de motor de puerta es muy duradero y confiable, lo que minimiza los costos de mantenimiento y reduce el tiempo de inactividad. Est\u00e1 dise\u00f1ado para soportar un uso intensivo y puede soportar diversas condiciones ambientales.<\/li>\n<li>Adem\u00e1s, el sistema es compatible con diferentes modelos de ascensores y puede integrarse f\u00e1cilmente en configuraciones existentes, lo que lo convierte en una soluci\u00f3n rentable para actualizaciones de ascensores.<\/li>\n<\/ul>\n<p>Con la Actualizaci\u00f3n del sistema de IDD: Sistema de motor de puerta, los propietarios de ascensores pueden mejorar la funcionalidad de las puertas, mejorar la seguridad de los pasajeros y optimizar el rendimiento de sus sistemas de ascensores.<\/p>","protected":false},"excerpt":{"rendered":"<p>It ensures smooth and efficient door movements, eliminating delays, jams, and misalignments. Passengers can enjoy a seamless and convenient experience when entering or exiting the elevator. Secondly, the system incorporates &hellip;<\/p>\n<p class=\"read-more\"> <a class=\"\" href=\"https:\/\/iddelevator.com\/es\/producto\/sistema-actualizacion-sistema-motor-puerta\/\"> <span class=\"screen-reader-text\">Actualizaci\u00f3n del sistema: sistema de motor de puerta<\/span> Leer m\u00e1s \u00bb<\/a><\/p>","protected":false},"featured_media":2826,"comment_status":"open","ping_status":"closed","template":"","meta":{"site-sidebar-layout":"default","site-content-layout":"","ast-site-content-layout":"default","site-content-style":"default","site-sidebar-style":"default","ast-global-header-display":"","ast-banner-title-visibility":"","ast-main-header-display":"","ast-hfb-above-header-display":"","ast-hfb-below-header-display":"","ast-hfb-mobile-header-display":"","site-post-title":"","ast-breadcrumbs-content":"","ast-featured-img":"","footer-sml-layout":"","theme-transparent-header-meta":"default","adv-header-id-meta":"","stick-header-meta":"default","header-above-stick-meta":"","header-main-stick-meta":"","header-below-stick-meta":"","astra-migrate-meta-layouts":"set","ast-page-background-enabled":"default","ast-page-background-meta":{"desktop":{"background-color":"","background-image":"","background-repeat":"repeat","background-position":"center center","background-size":"auto","background-attachment":"scroll","background-type":"","background-media":"","overlay-type":"","overlay-color":"","overlay-gradient":""},"tablet":{"background-color":"","background-image":"","background-repeat":"repeat","background-position":"center center","background-size":"auto","background-attachment":"scroll","background-type":"","background-media":"","overlay-type":"","overlay-color":"","overlay-gradient":""},"mobile":{"background-color":"","background-image":"","background-repeat":"repeat","background-position":"center center","background-size":"auto","background-attachment":"scroll","background-type":"","background-media":"","overlay-type":"","overlay-color":"","overlay-gradient":""}},"ast-content-background-meta":{"desktop":{"background-color":"var(--ast-global-color-5)","background-image":"","background-repeat":"repeat","background-position":"center center","background-size":"auto","background-attachment":"scroll","background-type":"","background-media":"","overlay-type":"","overlay-color":"","overlay-gradient":""},"tablet":{"background-color":"var(--ast-global-color-5)","background-image":"","background-repeat":"repeat","background-position":"center center","background-size":"auto","background-attachment":"scroll","background-type":"","background-media":"","overlay-type":"","overlay-color":"","overlay-gradient":""},"mobile":{"background-color":"var(--ast-global-color-5)","background-image":"","background-repeat":"repeat","background-position":"center center","background-size":"auto","background-attachment":"scroll","background-type":"","background-media":"","overlay-type":"","overlay-color":"","overlay-gradient":""}}},"product_cat":[49,53],"product_tag":[],"class_list":["post-1861","product","type-product","status-publish","has-post-thumbnail","hentry","product_cat-elevator-renovation","product_cat-elevator-renovation-elevator-renovation-2","desktop-align-center","tablet-align-left","mobile-align-left","ast-product-gallery-layout-horizontal-slider","ast-product-tabs-layout-horizontal","ast-qv-on-image"],"_links":{"self":[{"href":"https:\/\/iddelevator.com\/es\/wp-json\/wp\/v2\/product\/1861","targetHints":{"allow":["GET"]}}],"collection":[{"href":"https:\/\/iddelevator.com\/es\/wp-json\/wp\/v2\/product"}],"about":[{"href":"https:\/\/iddelevator.com\/es\/wp-json\/wp\/v2\/types\/product"}],"replies":[{"embeddable":true,"href":"https:\/\/iddelevator.com\/es\/wp-json\/wp\/v2\/comments?post=1861"}],"version-history":[{"count":4,"href":"https:\/\/iddelevator.com\/es\/wp-json\/wp\/v2\/product\/1861\/revisions"}],"predecessor-version":[{"id":2190,"href":"https:\/\/iddelevator.com\/es\/wp-json\/wp\/v2\/product\/1861\/revisions\/2190"}],"wp:featuredmedia":[{"embeddable":true,"href":"https:\/\/iddelevator.com\/es\/wp-json\/wp\/v2\/media\/2826"}],"wp:attachment":[{"href":"https:\/\/iddelevator.com\/es\/wp-json\/wp\/v2\/media?parent=1861"}],"wp:term":[{"taxonomy":"product_cat","embeddable":true,"href":"https:\/\/iddelevator.com\/es\/wp-json\/wp\/v2\/product_cat?post=1861"},{"taxonomy":"product_tag","embeddable":true,"href":"https:\/\/iddelevator.com\/es\/wp-json\/wp\/v2\/product_tag?post=1861"}],"curies":[{"name":"wp","href":"https:\/\/api.w.org\/{rel}","templated":true}]}}