{"id":1854,"date":"2023-11-17T16:02:46","date_gmt":"2023-11-17T08:02:46","guid":{"rendered":"http:\/\/47.245.127.96:3008\/?post_type=product&#038;p=1854"},"modified":"2025-11-16T18:59:36","modified_gmt":"2025-11-16T10:59:36","slug":"component-upgrade","status":"publish","type":"product","link":"https:\/\/iddelevator.com\/es\/producto\/actualizacion-de-componentes\/","title":{"rendered":"Actualizaci\u00f3n de componentes"},"content":{"rendered":"<p>Component Upgrade ofrece numerosas ventajas para los sistemas de ascensores.<\/p>\n<ul>\n<li>En primer lugar, mejora el rendimiento general y la confiabilidad de los ascensores existentes mediante la incorporaci\u00f3n de tecnolog\u00edas y componentes avanzados. Esto da como resultado una mayor eficiencia, un menor tiempo de inactividad y caracter\u00edsticas de seguridad mejoradas.<\/li>\n<li>En segundo lugar, Component Upgrade es altamente personalizable y est\u00e1 dise\u00f1ado para satisfacer las necesidades y requisitos espec\u00edficos de cada sistema de ascensor. Ya sea modernizando componentes obsoletos o integrando nuevas funcionalidades, IDD garantiza una integraci\u00f3n y compatibilidad perfectas.<\/li>\n<li>Adem\u00e1s, nuestro equipo de profesionales experimentados brinda soporte integral durante todo el proceso de actualizaci\u00f3n, lo que garantiza una implementaci\u00f3n fluida y una interrupci\u00f3n m\u00ednima de las operaciones diarias. Con Component Upgrade, los ascensores est\u00e1n equipados para satisfacer las demandas cambiantes del acelerado mundo actual, brindando una experiencia de usuario superior y elevando la reputaci\u00f3n de cualquier edificio.<\/li>\n<\/ul>\n<p>Elija la actualizaci\u00f3n de componentes de IDD para ascensores que sobresalen en rendimiento, confiabilidad e innovaci\u00f3n.<\/p>","protected":false},"excerpt":{"rendered":"<p>Component Upgrade offers numerous advantages for elevator systems. Firstly, it enhances the overall performance and reliability of existing elevators by incorporating advanced technologies and components. This results in improved efficiency, &hellip;<\/p>\n<p class=\"read-more\"> <a class=\"\" href=\"https:\/\/iddelevator.com\/es\/producto\/actualizacion-de-componentes\/\"> <span class=\"screen-reader-text\">Actualizaci\u00f3n de componentes<\/span> Leer m\u00e1s \u00bb<\/a><\/p>","protected":false},"featured_media":2108,"comment_status":"open","ping_status":"closed","template":"","meta":{"site-sidebar-layout":"default","site-content-layout":"","ast-site-content-layout":"default","site-content-style":"default","site-sidebar-style":"default","ast-global-header-display":"","ast-banner-title-visibility":"","ast-main-header-display":"","ast-hfb-above-header-display":"","ast-hfb-below-header-display":"","ast-hfb-mobile-header-display":"","site-post-title":"","ast-breadcrumbs-content":"","ast-featured-img":"","footer-sml-layout":"","theme-transparent-header-meta":"default","adv-header-id-meta":"","stick-header-meta":"default","header-above-stick-meta":"","header-main-stick-meta":"","header-below-stick-meta":"","astra-migrate-meta-layouts":"set","ast-page-background-enabled":"default","ast-page-background-meta":{"desktop":{"background-color":"","background-image":"","background-repeat":"repeat","background-position":"center center","background-size":"auto","background-attachment":"scroll","background-type":"","background-media":"","overlay-type":"","overlay-color":"","overlay-gradient":""},"tablet":{"background-color":"","background-image":"","background-repeat":"repeat","background-position":"center center","background-size":"auto","background-attachment":"scroll","background-type":"","background-media":"","overlay-type":"","overlay-color":"","overlay-gradient":""},"mobile":{"background-color":"","background-image":"","background-repeat":"repeat","background-position":"center center","background-size":"auto","background-attachment":"scroll","background-type":"","background-media":"","overlay-type":"","overlay-color":"","overlay-gradient":""}},"ast-content-background-meta":{"desktop":{"background-color":"var(--ast-global-color-5)","background-image":"","background-repeat":"repeat","background-position":"center center","background-size":"auto","background-attachment":"scroll","background-type":"","background-media":"","overlay-type":"","overlay-color":"","overlay-gradient":""},"tablet":{"background-color":"var(--ast-global-color-5)","background-image":"","background-repeat":"repeat","background-position":"center center","background-size":"auto","background-attachment":"scroll","background-type":"","background-media":"","overlay-type":"","overlay-color":"","overlay-gradient":""},"mobile":{"background-color":"var(--ast-global-color-5)","background-image":"","background-repeat":"repeat","background-position":"center center","background-size":"auto","background-attachment":"scroll","background-type":"","background-media":"","overlay-type":"","overlay-color":"","overlay-gradient":""}}},"product_cat":[49,52],"product_tag":[],"class_list":["post-1854","product","type-product","status-publish","has-post-thumbnail","hentry","product_cat-elevator-renovation","product_cat-elevator-renovation-elevator-renovation","desktop-align-center","tablet-align-left","mobile-align-left","ast-product-gallery-layout-horizontal-slider","ast-product-tabs-layout-horizontal","ast-qv-on-image"],"_links":{"self":[{"href":"https:\/\/iddelevator.com\/es\/wp-json\/wp\/v2\/product\/1854","targetHints":{"allow":["GET"]}}],"collection":[{"href":"https:\/\/iddelevator.com\/es\/wp-json\/wp\/v2\/product"}],"about":[{"href":"https:\/\/iddelevator.com\/es\/wp-json\/wp\/v2\/types\/product"}],"replies":[{"embeddable":true,"href":"https:\/\/iddelevator.com\/es\/wp-json\/wp\/v2\/comments?post=1854"}],"version-history":[{"count":4,"href":"https:\/\/iddelevator.com\/es\/wp-json\/wp\/v2\/product\/1854\/revisions"}],"predecessor-version":[{"id":2189,"href":"https:\/\/iddelevator.com\/es\/wp-json\/wp\/v2\/product\/1854\/revisions\/2189"}],"wp:featuredmedia":[{"embeddable":true,"href":"https:\/\/iddelevator.com\/es\/wp-json\/wp\/v2\/media\/2108"}],"wp:attachment":[{"href":"https:\/\/iddelevator.com\/es\/wp-json\/wp\/v2\/media?parent=1854"}],"wp:term":[{"taxonomy":"product_cat","embeddable":true,"href":"https:\/\/iddelevator.com\/es\/wp-json\/wp\/v2\/product_cat?post=1854"},{"taxonomy":"product_tag","embeddable":true,"href":"https:\/\/iddelevator.com\/es\/wp-json\/wp\/v2\/product_tag?post=1854"}],"curies":[{"name":"wp","href":"https:\/\/api.w.org\/{rel}","templated":true}]}}